{"id":2770,"date":"2017-05-25T10:09:23","date_gmt":"2017-05-25T08:09:23","guid":{"rendered":"https:\/\/voorhuys.hosting-by.webinteractive.nl\/product\/boeren-truffel-kaas\/"},"modified":"2024-01-22T09:08:01","modified_gmt":"2024-01-22T08:08:01","slug":"boeren-truffel-kaas","status":"publish","type":"product","link":"https:\/\/kaashandelvoorhuysbrielle.nl\/?produkt=boeren-truffel-kaas&lang=de","title":{"rendered":"Boeren Truffelkaas"},"content":{"rendered":"<p>Boeren truffelkaas ist ein thermisierter K\u00e4se mit italienischem schwarzem Tr\u00fcffel. In den italienischen W\u00e4ldern von Monti Sibillini findet die Suche nach diesen schwarzen Tr\u00fcffeln statt. Die Tr\u00fcffel ist eine Familie des Pilzes und hat einen verfeinerten Geschmack. Ihr Aroma kommt zur Geltung, wenn der schwarze Tr\u00fcffel verarbeitet wird. Die einzigartige Kombination von holl\u00e4ndischem K\u00e4se vom Bauernhof und dem intensiven Geschmack von schwarzen Tr\u00fcffeln ergibt einen K\u00e4se mit Temperament! Sehr cremig und eine echte Spezialit\u00e4t. Ein echter Luxusk\u00e4se, der Innovationen in der K\u00e4sewelt einen Schritt voraus ist.<\/p>\n<p>&nbsp;<\/p>\n","protected":false},"excerpt":{"rendered":"<p>Bauernk\u00e4se mit schwarzer Tr\u00fcffel<\/p>\n","protected":false},"featured_media":4721,"comment_status":"open","ping_status":"closed","template":"","meta":[],"product_brand":[],"product_cat":[223],"product_tag":[],"class_list":{"0":"post-2770","1":"product","2":"type-product","3":"status-publish","4":"has-post-thumbnail","6":"product_cat-bauernkase-de","7":"pa_allergenen-kuhmilcheiweis","8":"pa_allergenen-laktose","9":"pa_bereding-bauernkase","10":"pa_bestanddelen-e251-de","11":"pa_bestanddelen-lebstremsel-de","12":"pa_bestanddelen-salz","13":"pa_bestanddelen-saure","14":"pa_bestanddelen-truffel","15":"pa_bestanddelen-truffelgeschmack","16":"pa_bestanddelen-verliebte-kuhmilch","17":"pa_gewicht-1000g-de","18":"pa_gewicht-250g-de","19":"pa_gewicht-500g-de","20":"pa_herkomst-die-niederlande","21":"pa_leeftijd-junge-reifen","22":"pa_melkbehandeling-beheizt","23":"pa_melksoort-kuhmilch","24":"pa_regio-polsbroekerdam-de","25":"pa_smaak-geschmackvoll","26":"pa_smaakbeleving-intensiv-und-temperamentvoll","27":"pa_structuur-cremig","29":"first","30":"instock","31":"taxable","32":"shipping-taxable","33":"purchasable","34":"product-type-variable","35":"has-default-attributes"},"_links":{"self":[{"href":"https:\/\/kaashandelvoorhuysbrielle.nl\/index.php?rest_route=\/wp\/v2\/product\/2770","targetHints":{"allow":["GET"]}}],"collection":[{"href":"https:\/\/kaashandelvoorhuysbrielle.nl\/index.php?rest_route=\/wp\/v2\/product"}],"about":[{"href":"https:\/\/kaashandelvoorhuysbrielle.nl\/index.php?rest_route=\/wp\/v2\/types\/product"}],"replies":[{"embeddable":true,"href":"https:\/\/kaashandelvoorhuysbrielle.nl\/index.php?rest_route=%2Fwp%2Fv2%2Fcomments&post=2770"}],"wp:featuredmedia":[{"embeddable":true,"href":"https:\/\/kaashandelvoorhuysbrielle.nl\/index.php?rest_route=\/wp\/v2\/media\/4721"}],"wp:attachment":[{"href":"https:\/\/kaashandelvoorhuysbrielle.nl\/index.php?rest_route=%2Fwp%2Fv2%2Fmedia&parent=2770"}],"wp:term":[{"taxonomy":"product_brand","embeddable":true,"href":"https:\/\/kaashandelvoorhuysbrielle.nl\/index.php?rest_route=%2Fwp%2Fv2%2Fproduct_brand&post=2770"},{"taxonomy":"product_cat","embeddable":true,"href":"https:\/\/kaashandelvoorhuysbrielle.nl\/index.php?rest_route=%2Fwp%2Fv2%2Fproduct_cat&post=2770"},{"taxonomy":"product_tag","embeddable":true,"href":"https:\/\/kaashandelvoorhuysbrielle.nl\/index.php?rest_route=%2Fwp%2Fv2%2Fproduct_tag&post=2770"}],"curies":[{"name":"wp","href":"https:\/\/api.w.org\/{rel}","templated":true}]}}