{"id":2758,"date":"2017-05-22T21:29:52","date_gmt":"2017-05-22T19:29:52","guid":{"rendered":"https:\/\/voorhuys.hosting-by.webinteractive.nl\/product\/weydeland-kaas-belegen\/"},"modified":"2024-01-22T09:14:07","modified_gmt":"2024-01-22T08:14:07","slug":"weydeland-kaas-belegen","status":"publish","type":"product","link":"https:\/\/kaashandelvoorhuysbrielle.nl\/?produkt=weydeland-kaas-belegen&lang=de","title":{"rendered":"Cono Belegen"},"content":{"rendered":"<p>Der Belegener Weydeland-K\u00e4se ist einer unserer TOPPERS. Speziell f\u00fcr Liebhaber von K\u00e4se mit Charakter. Dieser K\u00e4se reifte 4 Monate lang in Ruhe und Ruhe, was zu einem festen K\u00e4se mit Geschmack f\u00fchrte. Sie k\u00f6nnen das schmecken!<\/p>\n<p>Tipp:<br \/>\nSchneiden Sie Bl\u00f6cke aus dem Belegener Weydeland und legen Sie sie auf Ihre K\u00e4seplatte. Wetten, dass Sie sich nicht von ihnen fernhalten k\u00f6nnen?<\/p>\n","protected":false},"excerpt":{"rendered":"<p>Nordholl\u00e4ndischer reifer K\u00e4se aus dem Beemster<\/p>\n","protected":false},"featured_media":4734,"comment_status":"open","ping_status":"closed","template":"","meta":[],"product_brand":[],"product_cat":[203],"product_tag":[],"class_list":{"0":"post-2758","1":"product","2":"type-product","3":"status-publish","4":"has-post-thumbnail","6":"product_cat-hollandischer-kase","7":"pa_allergenen-kuhmilcheiweis","8":"pa_bereding-fabrikkase","9":"pa_bestanddelen-e251-de-2","10":"pa_bestanddelen-e509-de","11":"pa_bestanddelen-farbstoff-e160b","12":"pa_bestanddelen-lebstremsel-de","13":"pa_bestanddelen-pasteurisierte-kuhmilch-nl","14":"pa_bestanddelen-salz","15":"pa_bestanddelen-saure","16":"pa_gewicht-1000g-de","17":"pa_gewicht-500g-de","18":"pa_herkomst-die-niederlande","19":"pa_leeftijd-gereift","20":"pa_melkbehandeling-pasteurisiert","21":"pa_melksoort-kuhmilch","22":"pa_regio-beemster-de","23":"pa_smaak-intensiver-geschmack","24":"pa_smaakbeleving-etwas-wurzig","25":"pa_structuur-stark-im-geschmack-und-charakter","27":"first","28":"instock","29":"taxable","30":"shipping-taxable","31":"purchasable","32":"product-type-variable","33":"has-default-attributes"},"_links":{"self":[{"href":"https:\/\/kaashandelvoorhuysbrielle.nl\/index.php?rest_route=\/wp\/v2\/product\/2758","targetHints":{"allow":["GET"]}}],"collection":[{"href":"https:\/\/kaashandelvoorhuysbrielle.nl\/index.php?rest_route=\/wp\/v2\/product"}],"about":[{"href":"https:\/\/kaashandelvoorhuysbrielle.nl\/index.php?rest_route=\/wp\/v2\/types\/product"}],"replies":[{"embeddable":true,"href":"https:\/\/kaashandelvoorhuysbrielle.nl\/index.php?rest_route=%2Fwp%2Fv2%2Fcomments&post=2758"}],"wp:featuredmedia":[{"embeddable":true,"href":"https:\/\/kaashandelvoorhuysbrielle.nl\/index.php?rest_route=\/wp\/v2\/media\/4734"}],"wp:attachment":[{"href":"https:\/\/kaashandelvoorhuysbrielle.nl\/index.php?rest_route=%2Fwp%2Fv2%2Fmedia&parent=2758"}],"wp:term":[{"taxonomy":"product_brand","embeddable":true,"href":"https:\/\/kaashandelvoorhuysbrielle.nl\/index.php?rest_route=%2Fwp%2Fv2%2Fproduct_brand&post=2758"},{"taxonomy":"product_cat","embeddable":true,"href":"https:\/\/kaashandelvoorhuysbrielle.nl\/index.php?rest_route=%2Fwp%2Fv2%2Fproduct_cat&post=2758"},{"taxonomy":"product_tag","embeddable":true,"href":"https:\/\/kaashandelvoorhuysbrielle.nl\/index.php?rest_route=%2Fwp%2Fv2%2Fproduct_tag&post=2758"}],"curies":[{"name":"wp","href":"https:\/\/api.w.org\/{rel}","templated":true}]}}