{"id":2746,"date":"2017-05-22T21:37:50","date_gmt":"2017-05-22T19:37:50","guid":{"rendered":"https:\/\/voorhuys.hosting-by.webinteractive.nl\/product\/weydeland-kaas-extra-belegen\/"},"modified":"2024-01-22T09:13:30","modified_gmt":"2024-01-22T08:13:30","slug":"weydeland-kaas-extra-belegen","status":"publish","type":"product","link":"https:\/\/kaashandelvoorhuysbrielle.nl\/?produkt=weydeland-kaas-extra-belegen&lang=de","title":{"rendered":"Cono Extra Belegen"},"content":{"rendered":"<p>F\u00fcr das besonders reife Weydeland muss man geduldig sein. Wenn der K\u00e4se zubereitet wird, muss er mindestens 6 Monate im K\u00e4selager verbleiben. Der K\u00e4se bekommt nur eine d\u00fcnne Kruste, wodurch ein besonders intensiver Geschmack entsteht. Sie k\u00f6nnen dies in diesem extra gef\u00fcllten K\u00e4se schmecken, der f\u00fcr Kenner gedacht ist. Sch\u00f6n und scharf!<\/p>\n<p>Bei den World Cheese Awards 2010 wurde der K\u00e4se sogar mit einer BRONZE-Medaille f\u00fcr ihren Geschmack ausgezeichnet. Bei dieser Hauptuntersuchung der Welt werden erstklassige K\u00e4sesorten mit Gold-, Silber- und Bronzemedaillen belohnt. Eine echte Belohnung f\u00fcr diesen traditionellen K\u00e4se mit dem besonders schmackhaften Geschmack.<\/p>\n<p>Tipp:<br \/>\nEin ausgezeichneter K\u00e4se zum \u00dcberbacken von Ofengerichten und Gerichten, aber auch lecker in Salaten.<\/p>\n","protected":false},"excerpt":{"rendered":"<p>Nordholl\u00e4ndischer extra gereifter K\u00e4se aus dem Beemster<\/p>\n","protected":false},"featured_media":4731,"comment_status":"open","ping_status":"closed","template":"","meta":[],"product_brand":[],"product_cat":[203],"product_tag":[],"class_list":{"0":"post-2746","1":"product","2":"type-product","3":"status-publish","4":"has-post-thumbnail","6":"product_cat-hollandischer-kase","7":"pa_allergenen-kuhmilcheiweis","8":"pa_bereding-fabrikkase","9":"pa_bestanddelen-e251-de-2","10":"pa_bestanddelen-e509-de","11":"pa_bestanddelen-farbstoff-e160b","12":"pa_bestanddelen-lebstremsel-de","13":"pa_bestanddelen-pasteurisierte-kuhmilch-nl","14":"pa_bestanddelen-salz","15":"pa_bestanddelen-saure","16":"pa_gewicht-1000g-de","17":"pa_gewicht-500g-de","18":"pa_herkomst-die-niederlande","19":"pa_leeftijd-extra-ausgereift","20":"pa_melkbehandeling-pasteurisiert","21":"pa_melksoort-unbekannt","22":"pa_regio-beemster-de","23":"pa_smaak-extra-intensiver-geschmack","24":"pa_smaakbeleving-wurzig","25":"pa_structuur-robust-und-cremig","27":"first","28":"instock","29":"taxable","30":"shipping-taxable","31":"purchasable","32":"product-type-variable","33":"has-default-attributes"},"_links":{"self":[{"href":"https:\/\/kaashandelvoorhuysbrielle.nl\/index.php?rest_route=\/wp\/v2\/product\/2746","targetHints":{"allow":["GET"]}}],"collection":[{"href":"https:\/\/kaashandelvoorhuysbrielle.nl\/index.php?rest_route=\/wp\/v2\/product"}],"about":[{"href":"https:\/\/kaashandelvoorhuysbrielle.nl\/index.php?rest_route=\/wp\/v2\/types\/product"}],"replies":[{"embeddable":true,"href":"https:\/\/kaashandelvoorhuysbrielle.nl\/index.php?rest_route=%2Fwp%2Fv2%2Fcomments&post=2746"}],"wp:featuredmedia":[{"embeddable":true,"href":"https:\/\/kaashandelvoorhuysbrielle.nl\/index.php?rest_route=\/wp\/v2\/media\/4731"}],"wp:attachment":[{"href":"https:\/\/kaashandelvoorhuysbrielle.nl\/index.php?rest_route=%2Fwp%2Fv2%2Fmedia&parent=2746"}],"wp:term":[{"taxonomy":"product_brand","embeddable":true,"href":"https:\/\/kaashandelvoorhuysbrielle.nl\/index.php?rest_route=%2Fwp%2Fv2%2Fproduct_brand&post=2746"},{"taxonomy":"product_cat","embeddable":true,"href":"https:\/\/kaashandelvoorhuysbrielle.nl\/index.php?rest_route=%2Fwp%2Fv2%2Fproduct_cat&post=2746"},{"taxonomy":"product_tag","embeddable":true,"href":"https:\/\/kaashandelvoorhuysbrielle.nl\/index.php?rest_route=%2Fwp%2Fv2%2Fproduct_tag&post=2746"}],"curies":[{"name":"wp","href":"https:\/\/api.w.org\/{rel}","templated":true}]}}