{"id":2734,"date":"2017-05-22T21:50:28","date_gmt":"2017-05-22T19:50:28","guid":{"rendered":"https:\/\/voorhuys.hosting-by.webinteractive.nl\/product\/weydeland-kaas-oud\/"},"modified":"2024-01-22T09:12:50","modified_gmt":"2024-01-22T08:12:50","slug":"weydeland-kaas-oud","status":"publish","type":"product","link":"https:\/\/kaashandelvoorhuysbrielle.nl\/?produkt=weydeland-kaas-oud&lang=de","title":{"rendered":"Cono Oud"},"content":{"rendered":"<p>In dieser alten Version schmecken Sie den reinen Geschmack von K\u00e4se. Das Oude Weydeland ruht sich ein Jahr lang im Lagerhaus aus, in dem die Natur ihren Lauf nimmt und der besondere Geschmack sich entwickelt. Trotz seines Alters l\u00e4sst sich der K\u00e4se leicht schneiden. Sie probieren einen echten K\u00e4se von Premiumqualit\u00e4t.<\/p>\n<p>Dieser K\u00e4se gewinnt bei den Great Taste Awards 2014 in England sogar 2 GOLD-Sterne. Die Jury kommentierte: &#8220;Ein beeindruckender K\u00e4se mit einer cremigen Molkerei und ausgezeichnetem Geschmack! Leichte Untert\u00f6ne aus Holz und eine runde Salzbalance machen diesen K\u00e4se zu einem absoluten Gewinner!?<\/p>\n<p>Tipp:<br \/>\nK\u00f6stlich zum Fr\u00fchst\u00fcck auf einem frischen Croissant oder bei einem guten Glas Rotwein.<\/p>\n","protected":false},"excerpt":{"rendered":"<p>Nordholland-alter K\u00e4se vom Beemster<\/p>\n","protected":false},"featured_media":4728,"comment_status":"open","ping_status":"closed","template":"","meta":[],"product_brand":[],"product_cat":[203],"product_tag":[],"class_list":{"0":"post-2734","1":"product","2":"type-product","3":"status-publish","4":"has-post-thumbnail","6":"product_cat-hollandischer-kase","7":"pa_allergenen-kuhmilcheiweis","8":"pa_bereding-fabrikkase","9":"pa_bestanddelen-e251-de-2","10":"pa_bestanddelen-e509-de","11":"pa_bestanddelen-farbstoff-e160b","12":"pa_bestanddelen-lebstremsel-de","13":"pa_bestanddelen-pasteurisierte-kuhmilch-nl","14":"pa_bestanddelen-salz","15":"pa_bestanddelen-saure","16":"pa_gewicht-1000g-de","17":"pa_gewicht-500g-de","18":"pa_herkomst-die-niederlande","19":"pa_leeftijd-alt","20":"pa_melkbehandeling-pasteurisiert","21":"pa_melksoort-kuhmilch","22":"pa_regio-beemster-de","23":"pa_smaak-cremig","24":"pa_smaak-leichte-untertone-aus-holz","25":"pa_smaak-rundes-salzgleichgewicht","26":"pa_smaakbeleving-extra-wurzig","27":"pa_structuur-cremige-molkerei","28":"pa_structuur-rein","30":"first","31":"instock","32":"taxable","33":"shipping-taxable","34":"purchasable","35":"product-type-variable","36":"has-default-attributes"},"_links":{"self":[{"href":"https:\/\/kaashandelvoorhuysbrielle.nl\/index.php?rest_route=\/wp\/v2\/product\/2734","targetHints":{"allow":["GET"]}}],"collection":[{"href":"https:\/\/kaashandelvoorhuysbrielle.nl\/index.php?rest_route=\/wp\/v2\/product"}],"about":[{"href":"https:\/\/kaashandelvoorhuysbrielle.nl\/index.php?rest_route=\/wp\/v2\/types\/product"}],"replies":[{"embeddable":true,"href":"https:\/\/kaashandelvoorhuysbrielle.nl\/index.php?rest_route=%2Fwp%2Fv2%2Fcomments&post=2734"}],"wp:featuredmedia":[{"embeddable":true,"href":"https:\/\/kaashandelvoorhuysbrielle.nl\/index.php?rest_route=\/wp\/v2\/media\/4728"}],"wp:attachment":[{"href":"https:\/\/kaashandelvoorhuysbrielle.nl\/index.php?rest_route=%2Fwp%2Fv2%2Fmedia&parent=2734"}],"wp:term":[{"taxonomy":"product_brand","embeddable":true,"href":"https:\/\/kaashandelvoorhuysbrielle.nl\/index.php?rest_route=%2Fwp%2Fv2%2Fproduct_brand&post=2734"},{"taxonomy":"product_cat","embeddable":true,"href":"https:\/\/kaashandelvoorhuysbrielle.nl\/index.php?rest_route=%2Fwp%2Fv2%2Fproduct_cat&post=2734"},{"taxonomy":"product_tag","embeddable":true,"href":"https:\/\/kaashandelvoorhuysbrielle.nl\/index.php?rest_route=%2Fwp%2Fv2%2Fproduct_tag&post=2734"}],"curies":[{"name":"wp","href":"https:\/\/api.w.org\/{rel}","templated":true}]}}