{"id":2702,"date":"2017-05-22T22:00:42","date_gmt":"2017-05-22T20:00:42","guid":{"rendered":"https:\/\/voorhuys.hosting-by.webinteractive.nl\/product\/weydeland-kaas-komijn-belegen\/"},"modified":"2024-01-22T09:10:08","modified_gmt":"2024-01-22T08:10:08","slug":"weydeland-kaas-komijn-belegen","status":"publish","type":"product","link":"https:\/\/kaashandelvoorhuysbrielle.nl\/?produkt=weydeland-kaas-komijn-belegen&lang=de","title":{"rendered":"Komijn Belegen"},"content":{"rendered":"<p>Der K\u00fchek\u00e4se von Belegen Weydeland ist einer unserer TOPPERS. Speziell f\u00fcr Liebhaber von K\u00e4se mit Charakter. Dieser K\u00e4se reifte 4 Monate lang in Ruhe und Ruhe, was zu einem festen K\u00e4se mit Geschmack f\u00fchrte. Sie k\u00f6nnen das schmecken!<\/p>\n<p>Tipp:<br \/>\nSchneiden Sie Bl\u00f6cke des Belegen Weydeland-Kreuzk\u00fcmmels und servieren Sie ihn auf Ihrer K\u00e4seplatte. Wetten, dass Sie sich nicht davon fernhalten k\u00f6nnen?<\/p>\n","protected":false},"excerpt":{"rendered":"<p>Nordhollands reifer K\u00fcmmelk\u00e4se aus dem Beemster<\/p>\n","protected":false},"featured_media":4726,"comment_status":"open","ping_status":"closed","template":"","meta":[],"product_brand":[],"product_cat":[203,524,544],"product_tag":[],"class_list":{"0":"post-2702","1":"product","2":"type-product","3":"status-publish","4":"has-post-thumbnail","6":"product_cat-hollandischer-kase","7":"product_cat-kummelkase","8":"product_cat-pasteurisierter-kase","9":"pa_allergenen-kuhmilcheiweis","10":"pa_bereding-fabrikkase","11":"pa_bestanddelen-e251-de","12":"pa_bestanddelen-farbee160b","13":"pa_bestanddelen-kreuzkummel","14":"pa_bestanddelen-lebstremsel-de","15":"pa_bestanddelen-pasteurisierte-kuhmilch","16":"pa_bestanddelen-salz","17":"pa_bestanddelen-saure","18":"pa_gewicht-1000g-de","19":"pa_gewicht-500g-de","20":"pa_herkomst-die-niederlande","21":"pa_leeftijd-gereift","22":"pa_melkbehandeling-pasteurisiert","23":"pa_melksoort-kuhmilch","24":"pa_regio-beemster-de","25":"pa_smaak-stark-im-geschmack","26":"pa_smaakbeleving-etwas-wurzig","27":"pa_structuur-cremig","29":"first","30":"instock","31":"taxable","32":"shipping-taxable","33":"purchasable","34":"product-type-variable","35":"has-default-attributes"},"_links":{"self":[{"href":"https:\/\/kaashandelvoorhuysbrielle.nl\/index.php?rest_route=\/wp\/v2\/product\/2702","targetHints":{"allow":["GET"]}}],"collection":[{"href":"https:\/\/kaashandelvoorhuysbrielle.nl\/index.php?rest_route=\/wp\/v2\/product"}],"about":[{"href":"https:\/\/kaashandelvoorhuysbrielle.nl\/index.php?rest_route=\/wp\/v2\/types\/product"}],"replies":[{"embeddable":true,"href":"https:\/\/kaashandelvoorhuysbrielle.nl\/index.php?rest_route=%2Fwp%2Fv2%2Fcomments&post=2702"}],"wp:featuredmedia":[{"embeddable":true,"href":"https:\/\/kaashandelvoorhuysbrielle.nl\/index.php?rest_route=\/wp\/v2\/media\/4726"}],"wp:attachment":[{"href":"https:\/\/kaashandelvoorhuysbrielle.nl\/index.php?rest_route=%2Fwp%2Fv2%2Fmedia&parent=2702"}],"wp:term":[{"taxonomy":"product_brand","embeddable":true,"href":"https:\/\/kaashandelvoorhuysbrielle.nl\/index.php?rest_route=%2Fwp%2Fv2%2Fproduct_brand&post=2702"},{"taxonomy":"product_cat","embeddable":true,"href":"https:\/\/kaashandelvoorhuysbrielle.nl\/index.php?rest_route=%2Fwp%2Fv2%2Fproduct_cat&post=2702"},{"taxonomy":"product_tag","embeddable":true,"href":"https:\/\/kaashandelvoorhuysbrielle.nl\/index.php?rest_route=%2Fwp%2Fv2%2Fproduct_tag&post=2702"}],"curies":[{"name":"wp","href":"https:\/\/api.w.org\/{rel}","templated":true}]}}