{"id":2696,"date":"2017-05-22T22:05:45","date_gmt":"2017-05-22T20:05:45","guid":{"rendered":"https:\/\/voorhuys.hosting-by.webinteractive.nl\/product\/weydeland-kaas-komijn-oud\/"},"modified":"2024-01-22T09:08:54","modified_gmt":"2024-01-22T08:08:54","slug":"weydeland-kaas-komijn-oud","status":"publish","type":"product","link":"https:\/\/kaashandelvoorhuysbrielle.nl\/?produkt=weydeland-kaas-komijn-oud&lang=de","title":{"rendered":"Komijn Oud"},"content":{"rendered":"<p>In dieser alten Sorte mit K\u00fcmmel schmecken Sie den reinen Geschmack von K\u00e4se. Der Old Weydeland-Kreuzk\u00fcmmel ruht sich ein Jahr lang im Lagerhaus aus, in dem die Natur ihren Lauf nimmt und der besondere Geschmack sich entwickelt. Trotz seines Alters l\u00e4sst sich der K\u00e4se leicht schneiden. Sie probieren einen echten K\u00e4se von Premiumqualit\u00e4t.<\/p>\n<p>Tipp: K\u00f6stlich zu Getr\u00e4nken bei einem guten Glas Rotwein.<\/p>\n","protected":false},"excerpt":{"rendered":"<p>Nordholland-alter Kreuzk\u00fcmmelk\u00e4se aus dem Beemster<\/p>\n","protected":false},"featured_media":4726,"comment_status":"open","ping_status":"closed","template":"","meta":[],"product_brand":[],"product_cat":[203,524,544],"product_tag":[],"class_list":{"0":"post-2696","1":"product","2":"type-product","3":"status-publish","4":"has-post-thumbnail","6":"product_cat-hollandischer-kase","7":"product_cat-kummelkase","8":"product_cat-pasteurisierter-kase","9":"pa_allergenen-kuhmilcheiweis","10":"pa_bereding-fabrikkase","11":"pa_bestanddelen-e251-de","12":"pa_bestanddelen-farbee160b","13":"pa_bestanddelen-kreuzkummel","14":"pa_bestanddelen-lebstremsel-de","15":"pa_bestanddelen-pasteurisierte-kuhmilch","16":"pa_bestanddelen-salz","17":"pa_bestanddelen-saure","18":"pa_gewicht-1000g-de","19":"pa_gewicht-500g-de","20":"pa_herkomst-die-niederlande","21":"pa_leeftijd-alt","22":"pa_melkbehandeling-pasteurisiert","23":"pa_melksoort-kuhmilch","24":"pa_regio-beemster-de","25":"pa_smaak-besonderer-geschmack","26":"pa_smaakbeleving-wurzig","27":"pa_structuur-fest-aber-perfekt-schneidbar","29":"first","30":"instock","31":"taxable","32":"shipping-taxable","33":"purchasable","34":"product-type-variable","35":"has-default-attributes"},"_links":{"self":[{"href":"https:\/\/kaashandelvoorhuysbrielle.nl\/index.php?rest_route=\/wp\/v2\/product\/2696","targetHints":{"allow":["GET"]}}],"collection":[{"href":"https:\/\/kaashandelvoorhuysbrielle.nl\/index.php?rest_route=\/wp\/v2\/product"}],"about":[{"href":"https:\/\/kaashandelvoorhuysbrielle.nl\/index.php?rest_route=\/wp\/v2\/types\/product"}],"replies":[{"embeddable":true,"href":"https:\/\/kaashandelvoorhuysbrielle.nl\/index.php?rest_route=%2Fwp%2Fv2%2Fcomments&post=2696"}],"wp:featuredmedia":[{"embeddable":true,"href":"https:\/\/kaashandelvoorhuysbrielle.nl\/index.php?rest_route=\/wp\/v2\/media\/4726"}],"wp:attachment":[{"href":"https:\/\/kaashandelvoorhuysbrielle.nl\/index.php?rest_route=%2Fwp%2Fv2%2Fmedia&parent=2696"}],"wp:term":[{"taxonomy":"product_brand","embeddable":true,"href":"https:\/\/kaashandelvoorhuysbrielle.nl\/index.php?rest_route=%2Fwp%2Fv2%2Fproduct_brand&post=2696"},{"taxonomy":"product_cat","embeddable":true,"href":"https:\/\/kaashandelvoorhuysbrielle.nl\/index.php?rest_route=%2Fwp%2Fv2%2Fproduct_cat&post=2696"},{"taxonomy":"product_tag","embeddable":true,"href":"https:\/\/kaashandelvoorhuysbrielle.nl\/index.php?rest_route=%2Fwp%2Fv2%2Fproduct_tag&post=2696"}],"curies":[{"name":"wp","href":"https:\/\/api.w.org\/{rel}","templated":true}]}}