{"id":2656,"date":"2017-05-25T12:57:06","date_gmt":"2017-05-25T10:57:06","guid":{"rendered":"https:\/\/voorhuys.hosting-by.webinteractive.nl\/product\/chevretta-belegen\/"},"modified":"2017-05-25T12:57:06","modified_gmt":"2017-05-25T10:57:06","slug":"chevretta-belegen","status":"publish","type":"product","link":"https:\/\/kaashandelvoorhuysbrielle.nl\/?produkt=chevretta-belegen&lang=de","title":{"rendered":"Chevretta Belegen"},"content":{"rendered":"<p>Chevretta Belegen ist f\u00fcr 4 Monate reif, daher ist ihr Geschmack voll.<\/p>\n<p>Eine unabh\u00e4ngige Jury hat Chevretta Belegen sogar zum &#8220;Besten Ziegenk\u00e4se&#8221; gek\u00fcrt. Bei den International Cheese Awards 2012 in Nantwich England gewinnt Chevretta Belegen einen GOLDEN-Preis und dar\u00fcber hinaus den K\u00e4sesieger der 99 eingereichten Ziegenk\u00e4se. Sie gewinnt den Capital H Challenge Cup und den Titel: &#8220;Der beste Ziegenk\u00e4se in der Ausstellung&#8221;.<\/p>\n<p>Tipp: Mit Chevretta Belegen k\u00f6nnen Sie leckere Sandwiches und Sandwiches zubereiten.<\/p>\n","protected":false},"excerpt":{"rendered":"<p>Vollreifer Ziegenk\u00e4se aus Nordholland<\/p>\n","protected":false},"featured_media":3948,"comment_status":"open","ping_status":"closed","template":"","meta":[],"product_brand":[],"product_cat":[458],"product_tag":[],"class_list":{"0":"post-2656","1":"product","2":"type-product","3":"status-publish","4":"has-post-thumbnail","6":"product_cat-ziegenkase","7":"pa_allergenen-ei-de","8":"pa_allergenen-milcheiweis","9":"pa_bereding-fabrikkase","10":"pa_bestanddelen-e1105-de","11":"pa_bestanddelen-e251-de","12":"pa_bestanddelen-pasteurisierte-ziegenmilch","13":"pa_bestanddelen-salz","14":"pa_bestanddelen-saure","15":"pa_bestanddelen-vegetarisches-lab","16":"pa_gewicht-1000g-de","17":"pa_gewicht-500g-de","18":"pa_herkomst-die-niederlande","19":"pa_leeftijd-gereift","20":"pa_melkbehandeling-pasteurisiert","21":"pa_melksoort-ziegenmilch","22":"pa_regio-nordholland","23":"pa_smaak-etwas-wurzig","24":"pa_smaakbeleving-voller-geschmack","25":"pa_structuur-solide-struktur","27":"first","28":"instock","29":"taxable","30":"shipping-taxable","31":"purchasable","32":"product-type-variable","33":"has-default-attributes"},"_links":{"self":[{"href":"https:\/\/kaashandelvoorhuysbrielle.nl\/index.php?rest_route=\/wp\/v2\/product\/2656","targetHints":{"allow":["GET"]}}],"collection":[{"href":"https:\/\/kaashandelvoorhuysbrielle.nl\/index.php?rest_route=\/wp\/v2\/product"}],"about":[{"href":"https:\/\/kaashandelvoorhuysbrielle.nl\/index.php?rest_route=\/wp\/v2\/types\/product"}],"replies":[{"embeddable":true,"href":"https:\/\/kaashandelvoorhuysbrielle.nl\/index.php?rest_route=%2Fwp%2Fv2%2Fcomments&post=2656"}],"wp:featuredmedia":[{"embeddable":true,"href":"https:\/\/kaashandelvoorhuysbrielle.nl\/index.php?rest_route=\/wp\/v2\/media\/3948"}],"wp:attachment":[{"href":"https:\/\/kaashandelvoorhuysbrielle.nl\/index.php?rest_route=%2Fwp%2Fv2%2Fmedia&parent=2656"}],"wp:term":[{"taxonomy":"product_brand","embeddable":true,"href":"https:\/\/kaashandelvoorhuysbrielle.nl\/index.php?rest_route=%2Fwp%2Fv2%2Fproduct_brand&post=2656"},{"taxonomy":"product_cat","embeddable":true,"href":"https:\/\/kaashandelvoorhuysbrielle.nl\/index.php?rest_route=%2Fwp%2Fv2%2Fproduct_cat&post=2656"},{"taxonomy":"product_tag","embeddable":true,"href":"https:\/\/kaashandelvoorhuysbrielle.nl\/index.php?rest_route=%2Fwp%2Fv2%2Fproduct_tag&post=2656"}],"curies":[{"name":"wp","href":"https:\/\/api.w.org\/{rel}","templated":true}]}}