{"id":1600,"date":"2017-05-25T13:57:15","date_gmt":"2017-05-25T11:57:15","guid":{"rendered":"https:\/\/voorhuys.hosting-by.webinteractive.nl\/product\/boeren-gatenkaas-bon-repas\/"},"modified":"2018-12-12T18:06:53","modified_gmt":"2018-12-12T17:06:53","slug":"boeren-gatenkaas-bon-repas","status":"publish","type":"product","link":"https:\/\/kaashandelvoorhuysbrielle.nl\/?produkt=boeren-gatenkaas-bon-repas&lang=de","title":{"rendered":"Boeren Gatenkaas Bon Repas"},"content":{"rendered":"<p>Bon Repas ist ein autentisch thermisierte K\u00e4se\u00a0D<span lang=\"de\">er K\u00e4se wird nach eigenen Rezept hergestellt und hat eine noch nie dagewesene Schmiedbarkeit. Der K\u00e4se ist sehr zug\u00e4nglich und sein Geschmack wird jedem gefallen.<\/span><\/p>\n<p>&nbsp;<\/p>\n","protected":false},"excerpt":{"rendered":"<p>Bauernk\u00e4se ,mit sch\u00f6ne gro\u00dfe L\u00f6cher, leicht s\u00fc\u00dfig jedoch gew\u00fcrz von Geschmack.<\/p>\n","protected":false},"featured_media":0,"comment_status":"open","ping_status":"closed","template":"","meta":[],"product_brand":[],"product_cat":[223,573],"product_tag":[],"class_list":{"0":"post-1600","1":"product","2":"type-product","3":"status-publish","5":"product_cat-bauernkase-de","6":"product_cat-rohmilchkaese","7":"pa_allergenen-kuhmilcheiweis","8":"pa_allergenen-laktose","9":"pa_bereding-bauernkase","10":"pa_bestanddelen-e251-de-3","11":"pa_bestanddelen-lebstremsel-de","12":"pa_bestanddelen-propoin-de","13":"pa_bestanddelen-salz","14":"pa_bestanddelen-saure","15":"pa_bestanddelen-verliebte-kuhmilch-nl","16":"pa_gewicht-1000g-de","17":"pa_gewicht-250g-de","18":"pa_gewicht-500g-de","19":"pa_herkomst-die-niederlande","20":"pa_leeftijd-junge-reifen","21":"pa_melkbehandeling-heilte","22":"pa_melksoort-kuhmilch","23":"pa_regio-krimpenerwaard-de","24":"pa_smaak-sus","25":"pa_smaak-zuganglich-und-leicht-wurzig","26":"pa_smaakbeleving-wurzig","27":"pa_structuur-grose-locher","29":"first","30":"instock","31":"taxable","32":"shipping-taxable","33":"purchasable","34":"product-type-variable","35":"has-default-attributes"},"_links":{"self":[{"href":"https:\/\/kaashandelvoorhuysbrielle.nl\/index.php?rest_route=\/wp\/v2\/product\/1600","targetHints":{"allow":["GET"]}}],"collection":[{"href":"https:\/\/kaashandelvoorhuysbrielle.nl\/index.php?rest_route=\/wp\/v2\/product"}],"about":[{"href":"https:\/\/kaashandelvoorhuysbrielle.nl\/index.php?rest_route=\/wp\/v2\/types\/product"}],"replies":[{"embeddable":true,"href":"https:\/\/kaashandelvoorhuysbrielle.nl\/index.php?rest_route=%2Fwp%2Fv2%2Fcomments&post=1600"}],"wp:attachment":[{"href":"https:\/\/kaashandelvoorhuysbrielle.nl\/index.php?rest_route=%2Fwp%2Fv2%2Fmedia&parent=1600"}],"wp:term":[{"taxonomy":"product_brand","embeddable":true,"href":"https:\/\/kaashandelvoorhuysbrielle.nl\/index.php?rest_route=%2Fwp%2Fv2%2Fproduct_brand&post=1600"},{"taxonomy":"product_cat","embeddable":true,"href":"https:\/\/kaashandelvoorhuysbrielle.nl\/index.php?rest_route=%2Fwp%2Fv2%2Fproduct_cat&post=1600"},{"taxonomy":"product_tag","embeddable":true,"href":"https:\/\/kaashandelvoorhuysbrielle.nl\/index.php?rest_route=%2Fwp%2Fv2%2Fproduct_tag&post=1600"}],"curies":[{"name":"wp","href":"https:\/\/api.w.org\/{rel}","templated":true}]}}