{"id":2584,"date":"2018-12-11T20:20:06","date_gmt":"2018-12-11T19:20:06","guid":{"rendered":"https:\/\/voorhuys.hosting-by.webinteractive.nl\/?page_id=2584"},"modified":"2018-12-11T20:20:06","modified_gmt":"2018-12-11T19:20:06","slug":"cookies","status":"publish","type":"page","link":"https:\/\/kaashandelvoorhuysbrielle.nl\/?page_id=2584&lang=de","title":{"rendered":"Cookies"},"content":{"rendered":"<h4>Cookie-Richtlinie<\/h4>\n<p>Die Websites von Cheese Shop &#8217;t Voorhuys verwenden Cookies und andere Techniken wie JavaScript in ihrem Webshop und den zugeh\u00f6rigen Websites (im Folgenden &#8220;Webshop&#8221;). Da wir Ihre Privatsph\u00e4re garantieren und die Benutzerfreundlichkeit Ihrer Besuche in unserem Webshop verbessern m\u00f6chten, ist es uns wichtig, dass Sie wissen, wie und warum wir Cookies verwenden. Im Folgenden versuchen wir Ihnen so viele Informationen wie m\u00f6glich \u00fcber die Verwendung dieser Techniken zu geben, einschlie\u00dflich Cookies in unserem Webshop.<\/p>\n<h4>Wer ist f\u00fcr die Verarbeitung Ihrer Daten verantwortlich?<\/h4>\n<p>Kaashandel &#8217;t Voorhuys in der Voorstraat 18, 3231 BJ Brielle, ist f\u00fcr die Verarbeitung der in dieser Cookie-Richtlinie beschriebenen Daten verantwortlich.<\/p>\n<ul>\n<li>kaashandelvoorhuysbrielle.nl<\/li>\n<li>kaashandelvoorhuys.nl<\/li>\n<li>boerenkaasonline.nl<\/li>\n<\/ul>\n<p>geh\u00f6ren zum K\u00e4sehandel &#8217;t Voorhuys.<\/p>\n<h4>Browsereinstellungen<\/h4>\n<p>Wenn Sie nicht m\u00f6chten, dass Websites Cookies auf Ihrem Computer speichern, passen Sie Ihre Browsereinstellungen an. Sie erhalten dann eine Warnung, bevor Cookies gesetzt werden. Sie k\u00f6nnen Ihre Einstellungen auch so anpassen, dass Ihr Browser alle Cookies oder nur die Cookies von Dritten ablehnt.<\/p>\n<p>Sie k\u00f6nnen bereits gesetzte Cookies l\u00f6schen. Stellen Sie sicher, dass Sie die Einstellungen f\u00fcr jeden verwendeten Browser, jedes Ger\u00e4t und jeden Computer separat anpassen m\u00fcssen.<\/p>\n<p>Wir m\u00f6chten Sie darauf hinweisen, dass wir, wenn Sie keine Cookies verwenden m\u00f6chten, leider nicht garantieren k\u00f6nnen, dass unser Webshop ordnungsgem\u00e4\u00df funktioniert. Es kann sein, dass einige Funktionen des Webshops verloren gehen oder Sie bestimmte Seiten \u00fcberhaupt nicht sehen k\u00f6nnen. Das Ablehnen von Cookies bedeutet nicht, dass Sie keine Werbung mehr sehen. Die Anzeigen werden dann nicht mehr an Ihre Interessen angepasst und werden h\u00e4ufiger wiederholt.<\/p>\n<p>Wie Sie Ihre Einstellungen anpassen k\u00f6nnen, ist von Browser zu Browser unterschiedlich. Klicken Sie auf eines der folgenden Symbole, um direkt zum Handbuch Ihres Browsers zu gelangen, oder konsultieren Sie gegebenenfalls die Hilfefunktion Ihres Browsers.<\/p>\n<ul>\n<li><a href=\"https:\/\/support.google.com\/chrome\/answer\/95647?hl=nl\" target=\"_blank\" rel=\"noopener\">Chrome<\/a><\/li>\n<li><a href=\"https:\/\/support.mozilla.org\/nl\/kb\/cookies-verwijderen-gegevens-wissen-websites-opgeslagen\" target=\"_blank\" rel=\"noopener\">Firefox<\/a><\/li>\n<li><a href=\"https:\/\/support.microsoft.com\/nl-nl\/products\/windows?os=windows-10\" target=\"_blank\" rel=\"noopener\">Internet Explorer<\/a><\/li>\n<li><a href=\"https:\/\/www.apple.com\/legal\/privacy\/nl\/cookies\/\" target=\"_blank\" rel=\"noopener\">Safari<\/a><\/li>\n<\/ul>\n<p>Wenn Sie Cookies von bestimmten Parteien deaktivieren m\u00f6chten, k\u00f6nnen Sie dies \u00fcber <a href=\"http:\/\/www.youronlinechoices.com\/\" target=\"_blank\" rel=\"noopener\">youronlinechoices<\/a> tun.<\/p>\n<h4>Cookies l\u00f6schen<\/h4>\n<p><strong>L\u00f6schen Sie Cookies in Microsoft Edge<\/strong><\/p>\n<p>Klicken Sie oben rechts auf das Men\u00fcsymbol (Symbol mit 3 Zeilen). Klicken Sie auf das Symbol der Uhr. Dies ist die Registerkarte &#8220;Verlauf&#8221;. Klicken Sie auf &#8220;Alle Verlauf l\u00f6schen&#8221;. Jetzt k\u00f6nnen Sie genau angeben, was Sie l\u00f6schen m\u00f6chten. \u00dcberpr\u00fcfen Sie mindestens &#8220;Cookies und gespeicherte Websitedaten&#8221; und klicken Sie auf &#8220;L\u00f6schen&#8221;. Unten k\u00f6nnen Sie angeben, ob Sie diese Daten immer l\u00f6schen m\u00f6chten, wenn Sie Microsoft Edge schlie\u00dfen.<\/p>\n<p><strong>L\u00f6schen Sie Cookies in Chrome<\/strong><\/p>\n<p>Klicken Sie oben rechts auf das Symbol mit 3 Zeilen. Klicken Sie auf &#8220;Einstellungen&#8221;&gt; &#8220;Verlauf&#8221;&gt; &#8220;Browserdaten l\u00f6schen&#8221;. Stellen Sie in jedem Fall sicher, dass &#8220;Cookies und andere Website- und Plug-In-Daten l\u00f6schen&#8221; aktiviert ist. Sie k\u00f6nnen auch angeben, wie alt die Cookies sein sollen. W\u00e4hlen Sie hier &#8220;Alles&#8221;.<\/p>\n<p><strong>L\u00f6schen Sie Cookies in Firefox<\/strong><\/p>\n<p>Klicken Sie oben rechts auf das Symbol mit 3 Zeilen. Gehen Sie zu &#8220;Optionen&#8221;&gt; &#8220;Datenschutz&#8221;. Klicken Sie auf &#8220;Letzte Historie l\u00f6schen&#8221;. Unter &#8216;Details&#8217; k\u00f6nnen Sie genau angeben, was Sie l\u00f6schen m\u00f6chten. Aktivieren Sie in jedem Fall &#8220;Cookies&#8221;. Sie k\u00f6nnen auch angeben, wie alt die Cookies sein sollen. W\u00e4hlen Sie hier &#8220;Alle&#8221;.<\/p>\n<p><strong>L\u00f6schen Sie Cookies in Safari<\/strong><\/p>\n<p>Klicken Sie oben links in der Men\u00fcleiste auf &#8220;Safari&#8221;&gt; &#8220;Einstellungen&#8221;. W\u00e4hlen Sie oben im Fenster die Registerkarte &#8220;Datenschutz&#8221;. Klicken Sie anschlie\u00dfend auf &#8220;Alle Website-Daten l\u00f6schen&#8221;.<\/p>\n<p><strong>L\u00f6schen Sie Cookies in Internet Explorer<\/strong><\/p>\n<p>Klicken Sie oben rechts auf das Zahnradsymbol. Gehen Sie zum Men\u00fc &#8220;Sicherheit&#8221;&gt; &#8220;Browserverlauf l\u00f6schen&#8221;. Jetzt k\u00f6nnen Sie genau angeben, was Sie l\u00f6schen m\u00f6chten. Aktivieren Sie auf jeden Fall &#8220;Cookies und Website-Daten&#8221;. Klicken Sie unten im Fenster auf &#8220;L\u00f6schen&#8221;.<\/p>\n<h4>Die Datenschutzerkl\u00e4rung des K\u00e4sehandels &#8217;t Voorhuys<\/h4>\n<p>Bei der Verwendung einiger Cookies werden personenbezogene Daten so verarbeitet, wie Sie es oben gelesen haben. In unserer Datenschutzerkl\u00e4rung finden Sie weitere Informationen dar\u00fcber, wie kaashandelvoorhuysbrielle.nl mit Ihren Daten umgeht.<\/p>\n<h4>Schlussbemerkungen<\/h4>\n<p>Wir werden unsere Angaben anpassen, wenn sich unser Webshop oder die Regeln f\u00fcr Cookies \u00e4ndern. Sie k\u00f6nnen die aktuelle Version dieser Cookie-Richtlinien einsehen, indem Sie unten auf jeder Seite auf den Link zu den Cookie-Richtlinien von &#8217;t Voorhuys&#8217; klicken.<\/p>\n<p><em>Diese Cookie-Richtlinie wurde zuletzt am 1. Oktober 2018 ge\u00e4ndert.<\/em><\/p>\n","protected":false},"excerpt":{"rendered":"<p>Cookie-Richtlinie Die Websites von Cheese Shop &#8217;t Voorhuys verwenden Cookies und andere Techniken wie JavaScript in ihrem Webshop und den zugeh\u00f6rigen Websites (im Folgenden &#8220;Webshop&#8221;). Da wir Ihre Privatsph\u00e4re garantieren und die Benutzerfreundlichkeit Ihrer Besuche in unserem Webshop verbessern m\u00f6chten, ist es uns wichtig, dass Sie wissen, wie und warum wir Cookies verwenden. Im Folgenden [&hellip;]<\/p>\n","protected":false},"author":1,"featured_media":0,"parent":0,"menu_order":0,"comment_status":"closed","ping_status":"closed","template":"","meta":{"footnotes":""},"class_list":["post-2584","page","type-page","status-publish","hentry"],"_links":{"self":[{"href":"https:\/\/kaashandelvoorhuysbrielle.nl\/index.php?rest_route=\/wp\/v2\/pages\/2584","targetHints":{"allow":["GET"]}}],"collection":[{"href":"https:\/\/kaashandelvoorhuysbrielle.nl\/index.php?rest_route=\/wp\/v2\/pages"}],"about":[{"href":"https:\/\/kaashandelvoorhuysbrielle.nl\/index.php?rest_route=\/wp\/v2\/types\/page"}],"author":[{"embeddable":true,"href":"https:\/\/kaashandelvoorhuysbrielle.nl\/index.php?rest_route=\/wp\/v2\/users\/1"}],"replies":[{"embeddable":true,"href":"https:\/\/kaashandelvoorhuysbrielle.nl\/index.php?rest_route=%2Fwp%2Fv2%2Fcomments&post=2584"}],"version-history":[{"count":2,"href":"https:\/\/kaashandelvoorhuysbrielle.nl\/index.php?rest_route=\/wp\/v2\/pages\/2584\/revisions"}],"predecessor-version":[{"id":2586,"href":"https:\/\/kaashandelvoorhuysbrielle.nl\/index.php?rest_route=\/wp\/v2\/pages\/2584\/revisions\/2586"}],"wp:attachment":[{"href":"https:\/\/kaashandelvoorhuysbrielle.nl\/index.php?rest_route=%2Fwp%2Fv2%2Fmedia&parent=2584"}],"curies":[{"name":"wp","href":"https:\/\/api.w.org\/{rel}","templated":true}]}}