{"id":2574,"date":"2018-12-11T19:53:44","date_gmt":"2018-12-11T18:53:44","guid":{"rendered":"https:\/\/voorhuys.hosting-by.webinteractive.nl\/?page_id=2574"},"modified":"2018-12-11T20:06:12","modified_gmt":"2018-12-11T19:06:12","slug":"datenschutz","status":"publish","type":"page","link":"https:\/\/kaashandelvoorhuysbrielle.nl\/?page_id=2574&lang=de","title":{"rendered":"Datenschutz"},"content":{"rendered":"<h3>Datenschutz<\/h3>\n<h4>Privatsph\u00e4re und Sicherheit<\/h4>\n<p>Ihre pers\u00f6nlichen Daten Sie lassen sie bei uns, denn dann wollen Sie etwas bestellen. Wir k\u00f6nnen uns jedoch vorstellen, dass Sie wissen m\u00f6chten, warum wir nach Ihren pers\u00f6nlichen Daten fragen und was wir damit machen. Wir m\u00f6chten Ihnen davon erz\u00e4hlen. Wenn Sie nach dem Lesen noch Fragen haben, teilen Sie uns dies bitte \u00fcber unseren Kundenservice mit.<\/p>\n<h4>Sehr sicher<\/h4>\n<p>Alle Daten, die Sie hinterlassen, hinterlassen wir mit modernsten Techniken sehr sicher. Wenn Sie nichts mit Ihren Daten zu tun haben, k\u00f6nnen Sie dies einfach nicht tun. Wenn wir Ihre Informationen an Dritte weitergeben &#8211; Sie erfahren weiter unten, warum und wann wir dies tun &#8211; dann fordern wir, dass die andere Person Ihre Daten genauso sorgf\u00e4ltig behandelt wie wir und sie nur f\u00fcr den Zweck verwendet, f\u00fcr den sie empfangen wurden. Wenn Sie das Gef\u00fchl haben, dass dies nicht der Fall ist, teilen Sie uns dies bitte \u00fcber unseren Kundenservice mit.<\/p>\n<h4>Pers\u00f6nlich<\/h4>\n<p>Wir verwenden Ihre Informationen h\u00e4ufig, um Ihnen ein m\u00f6glichst pers\u00f6nliches Einkaufserlebnis zu bieten. Wir passen das, was Sie auf der Website des K\u00e4sehandels &#8217;t Voorhuys sehen, an Ihre Interessen an. Auf diese Weise machen wir eine Person mit Angeboten f\u00fcr Ziegenk\u00e4se und die andere mit Bauernk\u00e4se zufrieden. Wir verwenden zum Beispiel Daten aus fr\u00fcheren Bestellungen, Ihre IP-Adresse sowie das in Cookies gespeicherte Surf- und Suchverhalten. Sie k\u00f6nnen weiter unten mehr \u00fcber Cookies lesen.<\/p>\n<h4>Was machen wir sonst noch mit Ihren Daten?<\/h4>\n<p>Wir verwenden Ihre Daten zu unterschiedlichen Zwecken. Danach k\u00f6nnen Sie sehen, welche Ziele sie haben. Wir verwenden die von Ihnen erhaltenen Daten, aber auch die von uns gesammelten Daten. Zum Beispiel Informationen \u00fcber Ihren Besuch auf unserer Website.<\/p>\n<h4>Liefern Sie Ihre Bestellung aus<\/h4>\n<p>F\u00fcr Ihre Bestellung ben\u00f6tigen wir Ihren Namen, Ihre E-Mail-Adresse, Adresse(n), Zahlungsdetails und manchmal Ihre Telefonnummer. Wir k\u00f6nnen dann Ihre Bestellung ausliefern lassen und Sie bei Bedarf \u00fcber Ihre Bestellung auf dem Laufenden halten. Wir geben Ihre Daten auch an Dritte weiter, falls dies f\u00fcr eine Bestellung erforderlich ist, beispielsweise f\u00fcr Zustelldienste.<\/p>\n<h4>Ihr Konto<\/h4>\n<p>In Ihrem Konto auf der Website des K\u00e4segesch\u00e4fts &#8217;t Voorhuys speichern wir die folgenden Informationen: Ihren Namen, Ihre Adresse (n), Telefonnummer, E-Mail-Adresse, Liefer- und Zahlungsdetails sowie die angegebenen Informationen und Interessen. Praktisch, weil Sie diese Daten dann nicht jedes Mal neu eingeben m\u00fcssen. Wir speichern auch Daten \u00fcber Ihre fr\u00fcheren Bestellungen, damit Sie diese leicht finden k\u00f6nnen.<\/p>\n<h4>Kundendienst<\/h4>\n<p>Sie k\u00f6nnen uns w\u00e4hrend der \u00d6ffnungszeiten des K\u00e4segesch\u00e4fts &#8217;t Voorhuys anrufen. Um Ihnen bei Fragen schnell zu helfen, verwenden wir Ihre Daten und machen Notizen, die wir speichern. Praktisch, wenn Sie uns erneut anrufen. Sie helfen uns bei der Analyse und Verbesserung unserer Dienstleistungen.<\/p>\n<h4>Newsletter<\/h4>\n<p>Sie k\u00f6nnen sich bald f\u00fcr unseren Newsletter anmelden. So bleiben Sie \u00fcber unsere Angebote, Aktionen und Neuigkeiten informiert. Wir werden in K\u00fcrze allgemeine und pers\u00f6nliche Newsletter erhalten. Wir erstellen die pers\u00f6nlichen Newsletter zum Teil auf Basis Ihrer Daten, wie zum Beispiel fr\u00fcherer Bestellungen. Das macht den Newsletter f\u00fcr Sie interessanter. Wenn Sie keine Newsletter mehr von uns erhalten m\u00f6chten, melden Sie sich bitte an. Das ist selbstverst\u00e4ndlich.<\/p>\n<h4>Bewertungen<\/h4>\n<p>Wir lieben Bewertungen. Und auch unsere Kunden. Wenn Sie eine Bewertung schreiben m\u00f6chten, w\u00e4hlen Sie aus, ob Ihre pers\u00f6nlichen Daten oder Ihr Name f\u00fcr andere Besucher sichtbar sind und ob wir Sie bez\u00fcglich Ihrer Bewertung kontaktieren k\u00f6nnen. Wir halten fest, wer welche Bewertung schreibt.<\/p>\n<h4>Pers\u00f6nliches Einkaufen<\/h4>\n<p>Wir haben einige Artikel in unserem Laden, damit wir Sie auf Ihrem Weg unterst\u00fctzen k\u00f6nnen. Zum Beispiel, indem Sie auf Artikel aufmerksam gemacht werden, die Sie interessieren. Dies erfolgt auf der Grundlage Ihrer vorherigen Besuche unserer Website. Wir betrachten dann Cookies und Ihre IP-Adresse, aber auch das, was Sie zuvor bei uns gekauft haben, und Ihre Interessen, die wir kennen, weil wir Sie dazu aufgefordert haben. Lesen Sie hier mehr \u00fcber Cookies und wie Sie sie deaktivieren k\u00f6nnen, wenn Sie m\u00f6chten.<\/p>\n<h4>Verbesserung unseres Shops und Service<\/h4>\n<p>Wir verbessern st\u00e4ndig unsere Dienstleistungen. Aus diesem Grund k\u00f6nnen wir Ihre Daten verwenden, um Sie zu fragen, ob Sie an einer unverbindlichen Kunden- oder Marktforschung teilnehmen m\u00f6chten. Manchmal f\u00fchren andere diese Forschung f\u00fcr uns durch. Das geben wir au\u00dfer Ihrer E-Mail-Adresse an. Die andere Person muss nat\u00fcrlich auch unsere Datenschutzbestimmungen einhalten. Zum Beispiel muss Ihre E-Mail-Adresse am Ende der Untersuchung gel\u00f6scht werden.<\/p>\n<h4>Betrug<\/h4>\n<p>Niemand wartet auf Betrug, wir auch nicht. Deshalb verwenden wir Kundendaten, um Betrug zu untersuchen, zu verhindern und zu bek\u00e4mpfen. Bei Bedarf stellen wir der Regierung Kundendaten zur Verf\u00fcgung.<\/p>\n<h4>Gesch\u00e4ftskunden<\/h4>\n<p>Wir speichern auch Daten von Ansprechpartnern unserer Gesch\u00e4ftskunden und Partner. Wenn es sich um personenbezogene Daten handelt, behandeln wir diese Daten genauso wie unsere anderen Kunden.<\/p>\n<h4>Social Media<\/h4>\n<p>Wenn Sie soziale Medien verwenden, z. B. Facebook, k\u00f6nnen Sie an einigen Stellen auf unserer Website Ihr Konto f\u00fcr soziale Medien verwenden. Wenn Sie sich anmelden, wenn Sie angemeldet sind, um einen Artikel zu finden, wird dieser Artikel in Ihrem Social Media-Konto angezeigt. Die Website von Cheese Shop &#8217;t Voorhuys erh\u00e4lt keinen Zugriff auf Ihr Social Media-Konto, aber Artikel, die Sie m\u00f6gen, n\u00fctzlich oder n\u00fctzlich, k\u00f6nnen Sie mit Ihren Freunden teilen. Wenn Sie uns eine Frage \u00fcber Social Media stellen und diese Frage durchkommt, speichern wir diese Nachricht und Ihren Kontonamen, damit wir auf Ihre Nachricht antworten k\u00f6nnen.<\/p>\n<h4>Was machen wir nicht mit Ihren Daten?<\/h4>\n<p>Wir verwenden Ihre Daten niemals, um Ihnen andere Preise anzuzeigen als andere Kunden. Alle unsere Kunden sehen die gleichen Preise f\u00fcr unsere Artikel und Produkte. Sie verkaufen Ihre Daten niemals an andere.<\/p>\n<h4>Sind Ihre Daten nicht korrekt oder haben Sie andere Fragen?<\/h4>\n<p>Wenn etwas nicht stimmt oder Sie Ihre Daten einsehen oder entfernen lassen m\u00f6chten, wenden Sie sich bitte an unseren Kundendienst.<\/p>\n<h4>Pl\u00e4tzchen dort?<\/h4>\n<p>Um sicherzustellen, dass die Website des K\u00e4segesch\u00e4fte &#8217;t Voorhuys gut funktioniert und Sie online einkaufen k\u00f6nnen, verwendet kaashandelvoorhuysbrielle.nl Cookies. Weitere Informationen zu Cookies finden Sie <a href=\"https:\/\/voorhuys.hosting-by.webinteractive.nl\/cookies\/\">hier<\/a>.<\/p>\n<p><em>Die Datenschutzerkl\u00e4rung wurde zuletzt am 9. November 2017 ge\u00e4ndert.<\/em><\/p>\n","protected":false},"excerpt":{"rendered":"<p>Datenschutz Privatsph\u00e4re und Sicherheit Ihre pers\u00f6nlichen Daten Sie lassen sie bei uns, denn dann wollen Sie etwas bestellen. Wir k\u00f6nnen uns jedoch vorstellen, dass Sie wissen m\u00f6chten, warum wir nach Ihren pers\u00f6nlichen Daten fragen und was wir damit machen. Wir m\u00f6chten Ihnen davon erz\u00e4hlen. Wenn Sie nach dem Lesen noch Fragen haben, teilen Sie uns [&hellip;]<\/p>\n","protected":false},"author":1,"featured_media":0,"parent":0,"menu_order":0,"comment_status":"closed","ping_status":"closed","template":"","meta":{"footnotes":""},"class_list":["post-2574","page","type-page","status-publish","hentry"],"_links":{"self":[{"href":"https:\/\/kaashandelvoorhuysbrielle.nl\/index.php?rest_route=\/wp\/v2\/pages\/2574","targetHints":{"allow":["GET"]}}],"collection":[{"href":"https:\/\/kaashandelvoorhuysbrielle.nl\/index.php?rest_route=\/wp\/v2\/pages"}],"about":[{"href":"https:\/\/kaashandelvoorhuysbrielle.nl\/index.php?rest_route=\/wp\/v2\/types\/page"}],"author":[{"embeddable":true,"href":"https:\/\/kaashandelvoorhuysbrielle.nl\/index.php?rest_route=\/wp\/v2\/users\/1"}],"replies":[{"embeddable":true,"href":"https:\/\/kaashandelvoorhuysbrielle.nl\/index.php?rest_route=%2Fwp%2Fv2%2Fcomments&post=2574"}],"version-history":[{"count":5,"href":"https:\/\/kaashandelvoorhuysbrielle.nl\/index.php?rest_route=\/wp\/v2\/pages\/2574\/revisions"}],"predecessor-version":[{"id":2581,"href":"https:\/\/kaashandelvoorhuysbrielle.nl\/index.php?rest_route=\/wp\/v2\/pages\/2574\/revisions\/2581"}],"wp:attachment":[{"href":"https:\/\/kaashandelvoorhuysbrielle.nl\/index.php?rest_route=%2Fwp%2Fv2%2Fmedia&parent=2574"}],"curies":[{"name":"wp","href":"https:\/\/api.w.org\/{rel}","templated":true}]}}