{"id":2562,"date":"2018-12-11T19:36:49","date_gmt":"2018-12-11T18:36:49","guid":{"rendered":"https:\/\/voorhuys.hosting-by.webinteractive.nl\/?page_id=2562"},"modified":"2018-12-11T19:36:49","modified_gmt":"2018-12-11T18:36:49","slug":"verpackung","status":"publish","type":"page","link":"https:\/\/kaashandelvoorhuysbrielle.nl\/?page_id=2562&lang=de","title":{"rendered":"Verpackung"},"content":{"rendered":"<h3>Verpackung<\/h3>\n<p>Hartk\u00e4se wird von unseren Mitarbeitern sorgf\u00e4ltig vakuumverpackt. Der K\u00e4se muss nicht gek\u00fchlt transportiert werden. F\u00fcr harten und vakuumverpackten K\u00e4se reicht ein Karton aus. Der vakuumverpackte K\u00e4se kann mindestens 4 Wochen im K\u00fchlschrank oder in einem geeigneten Keller gelagert werden.<\/p>\n<p>Wir sind sehr vorsichtig beim Versand. K\u00e4se ist doch unsere Leidenschaft!<\/p>\n","protected":false},"excerpt":{"rendered":"<p>Verpackung Hartk\u00e4se wird von unseren Mitarbeitern sorgf\u00e4ltig vakuumverpackt. Der K\u00e4se muss nicht gek\u00fchlt transportiert werden. F\u00fcr harten und vakuumverpackten K\u00e4se reicht ein Karton aus. Der vakuumverpackte K\u00e4se kann mindestens 4 Wochen im K\u00fchlschrank oder in einem geeigneten Keller gelagert werden. Wir sind sehr vorsichtig beim Versand. K\u00e4se ist doch unsere Leidenschaft!<\/p>\n","protected":false},"author":1,"featured_media":0,"parent":0,"menu_order":0,"comment_status":"closed","ping_status":"closed","template":"","meta":{"footnotes":""},"class_list":["post-2562","page","type-page","status-publish","hentry"],"_links":{"self":[{"href":"https:\/\/kaashandelvoorhuysbrielle.nl\/index.php?rest_route=\/wp\/v2\/pages\/2562","targetHints":{"allow":["GET"]}}],"collection":[{"href":"https:\/\/kaashandelvoorhuysbrielle.nl\/index.php?rest_route=\/wp\/v2\/pages"}],"about":[{"href":"https:\/\/kaashandelvoorhuysbrielle.nl\/index.php?rest_route=\/wp\/v2\/types\/page"}],"author":[{"embeddable":true,"href":"https:\/\/kaashandelvoorhuysbrielle.nl\/index.php?rest_route=\/wp\/v2\/users\/1"}],"replies":[{"embeddable":true,"href":"https:\/\/kaashandelvoorhuysbrielle.nl\/index.php?rest_route=%2Fwp%2Fv2%2Fcomments&post=2562"}],"version-history":[{"count":3,"href":"https:\/\/kaashandelvoorhuysbrielle.nl\/index.php?rest_route=\/wp\/v2\/pages\/2562\/revisions"}],"predecessor-version":[{"id":2565,"href":"https:\/\/kaashandelvoorhuysbrielle.nl\/index.php?rest_route=\/wp\/v2\/pages\/2562\/revisions\/2565"}],"wp:attachment":[{"href":"https:\/\/kaashandelvoorhuysbrielle.nl\/index.php?rest_route=%2Fwp%2Fv2%2Fmedia&parent=2562"}],"curies":[{"name":"wp","href":"https:\/\/api.w.org\/{rel}","templated":true}]}}