{"id":2553,"date":"2018-12-11T19:01:37","date_gmt":"2018-12-11T18:01:37","guid":{"rendered":"https:\/\/voorhuys.hosting-by.webinteractive.nl\/?page_id=2553"},"modified":"2023-03-04T11:09:48","modified_gmt":"2023-03-04T10:09:48","slug":"lieferung-von-kaese-ins-ausland","status":"publish","type":"page","link":"https:\/\/kaashandelvoorhuysbrielle.nl\/?page_id=2553&lang=de","title":{"rendered":"Lieferung von K\u00e4se ins Ausland"},"content":{"rendered":"<h4>Schicken Sie K\u00e4se ins Ausland<\/h4>\n<p>\u00dcber die Websites des K\u00e4sehandels &#8217;t Voorhuys \u00a0ist es m\u00f6glich, dass Ihre Bestellung in einer Reihe von L\u00e4ndern in Europa geliefert wird.\u00a0In Verbindung mit der Haltbarkeit senden wir ausschlie\u00dflich (niederl\u00e4ndischen) Hartk\u00e4se in andere L\u00e4nder. Der K\u00e4se wird dann vakuumverpackt und es ist kein Problem, wenn er eine Weile unterwegs ist. Wenn Sie Fragen haben, k\u00f6nnen Sie uns gerne unter klantenservice@voorhuys.hosting-by.webinteractive.nl kontaktieren.<\/p>\n<p>Ihre K\u00e4se wird \u00fcber Post NL und die Partner von PostNL, DHL oder DPD verschickt.\u00a0 Die Lieferzeit von K\u00e4se variiert von 2-4 Tagen. Es kann vorkommen, dass Bestellungen im Ausland l\u00e4nger dauern als erwartet. Wir empfehlen Ihnen daher, rechtzeitig zu bestellen. Kaashandel &#8217;t Voorhuys haftet nicht f\u00fcr Sch\u00e4den, die dadurch entstehen, dass Bestellungen nicht oder nicht rechtzeitig geliefert werden.<\/p>\n","protected":false},"excerpt":{"rendered":"<p>Schicken Sie K\u00e4se ins Ausland \u00dcber die Websites des K\u00e4sehandels &#8217;t Voorhuys \u00a0ist es m\u00f6glich, dass Ihre Bestellung in einer Reihe von L\u00e4ndern in Europa geliefert wird.\u00a0In Verbindung mit der Haltbarkeit senden wir ausschlie\u00dflich (niederl\u00e4ndischen) Hartk\u00e4se in andere L\u00e4nder. Der K\u00e4se wird dann vakuumverpackt und es ist kein Problem, wenn er eine Weile unterwegs ist. [&hellip;]<\/p>\n","protected":false},"author":1,"featured_media":0,"parent":0,"menu_order":0,"comment_status":"closed","ping_status":"closed","template":"","meta":{"footnotes":""},"class_list":["post-2553","page","type-page","status-publish","hentry"],"_links":{"self":[{"href":"https:\/\/kaashandelvoorhuysbrielle.nl\/index.php?rest_route=\/wp\/v2\/pages\/2553","targetHints":{"allow":["GET"]}}],"collection":[{"href":"https:\/\/kaashandelvoorhuysbrielle.nl\/index.php?rest_route=\/wp\/v2\/pages"}],"about":[{"href":"https:\/\/kaashandelvoorhuysbrielle.nl\/index.php?rest_route=\/wp\/v2\/types\/page"}],"author":[{"embeddable":true,"href":"https:\/\/kaashandelvoorhuysbrielle.nl\/index.php?rest_route=\/wp\/v2\/users\/1"}],"replies":[{"embeddable":true,"href":"https:\/\/kaashandelvoorhuysbrielle.nl\/index.php?rest_route=%2Fwp%2Fv2%2Fcomments&post=2553"}],"version-history":[{"count":10,"href":"https:\/\/kaashandelvoorhuysbrielle.nl\/index.php?rest_route=\/wp\/v2\/pages\/2553\/revisions"}],"predecessor-version":[{"id":4239,"href":"https:\/\/kaashandelvoorhuysbrielle.nl\/index.php?rest_route=\/wp\/v2\/pages\/2553\/revisions\/4239"}],"wp:attachment":[{"href":"https:\/\/kaashandelvoorhuysbrielle.nl\/index.php?rest_route=%2Fwp%2Fv2%2Fmedia&parent=2553"}],"curies":[{"name":"wp","href":"https:\/\/api.w.org\/{rel}","templated":true}]}}