{"id":2463,"date":"2018-12-11T14:48:11","date_gmt":"2018-12-11T13:48:11","guid":{"rendered":"https:\/\/voorhuys.hosting-by.webinteractive.nl\/?page_id=2463"},"modified":"2018-12-11T14:48:11","modified_gmt":"2018-12-11T13:48:11","slug":"maasdam","status":"publish","type":"page","link":"https:\/\/kaashandelvoorhuysbrielle.nl\/?page_id=2463&lang=de","title":{"rendered":"Maasdam"},"content":{"rendered":"<h2>Maasdam<\/h2>\n<p>Maasdam ist ein Dorf in der N\u00e4he von Poldern in der niederl\u00e4ndischen Provinz S\u00fcdholland. Es liegt etwa 14 km s\u00fcdlich der Stadt Rotterdam in der Gemeinde Binnenmaas auf der Insel Hoeksche Waard.<\/p>\n<h2>Unser K\u00e4se aus Maasdam<\/h2>\n<div class=\"woocommerce columns-3 \"><\/div>\n<p>&nbsp;<\/p>\n","protected":false},"excerpt":{"rendered":"<p>Maasdam Maasdam ist ein Dorf in der N\u00e4he von Poldern in der niederl\u00e4ndischen Provinz S\u00fcdholland. Es liegt etwa 14 km s\u00fcdlich der Stadt Rotterdam in der Gemeinde Binnenmaas auf der Insel Hoeksche Waard. Unser K\u00e4se aus Maasdam &nbsp;<\/p>\n","protected":false},"author":1,"featured_media":2060,"parent":0,"menu_order":0,"comment_status":"closed","ping_status":"closed","template":"","meta":{"footnotes":""},"class_list":["post-2463","page","type-page","status-publish","has-post-thumbnail","hentry"],"_links":{"self":[{"href":"https:\/\/kaashandelvoorhuysbrielle.nl\/index.php?rest_route=\/wp\/v2\/pages\/2463","targetHints":{"allow":["GET"]}}],"collection":[{"href":"https:\/\/kaashandelvoorhuysbrielle.nl\/index.php?rest_route=\/wp\/v2\/pages"}],"about":[{"href":"https:\/\/kaashandelvoorhuysbrielle.nl\/index.php?rest_route=\/wp\/v2\/types\/page"}],"author":[{"embeddable":true,"href":"https:\/\/kaashandelvoorhuysbrielle.nl\/index.php?rest_route=\/wp\/v2\/users\/1"}],"replies":[{"embeddable":true,"href":"https:\/\/kaashandelvoorhuysbrielle.nl\/index.php?rest_route=%2Fwp%2Fv2%2Fcomments&post=2463"}],"version-history":[{"count":2,"href":"https:\/\/kaashandelvoorhuysbrielle.nl\/index.php?rest_route=\/wp\/v2\/pages\/2463\/revisions"}],"predecessor-version":[{"id":2465,"href":"https:\/\/kaashandelvoorhuysbrielle.nl\/index.php?rest_route=\/wp\/v2\/pages\/2463\/revisions\/2465"}],"wp:featuredmedia":[{"embeddable":true,"href":"https:\/\/kaashandelvoorhuysbrielle.nl\/index.php?rest_route=\/wp\/v2\/media\/2060"}],"wp:attachment":[{"href":"https:\/\/kaashandelvoorhuysbrielle.nl\/index.php?rest_route=%2Fwp%2Fv2%2Fmedia&parent=2463"}],"curies":[{"name":"wp","href":"https:\/\/api.w.org\/{rel}","templated":true}]}}