{"id":2443,"date":"2018-12-11T14:21:07","date_gmt":"2018-12-11T13:21:07","guid":{"rendered":"https:\/\/voorhuys.hosting-by.webinteractive.nl\/?page_id=2443"},"modified":"2018-12-11T14:22:28","modified_gmt":"2018-12-11T13:22:28","slug":"alblasserwaard","status":"publish","type":"page","link":"https:\/\/kaashandelvoorhuysbrielle.nl\/?page_id=2443&lang=de","title":{"rendered":"Alblasserwaard"},"content":{"rendered":"<h2>Die Alblasserwaard<\/h2>\n<p>Die Alblasserwaard ist eine niederl\u00e4ndische Region im S\u00fcdosten der Provinz S\u00fcdholland, im S\u00fcdosten der Stadt Rotterdam und im Nordosten der Stadt Dordrecht. Es bildet den s\u00fcdlichen Teil des Gr\u00fcnen Herzens und betrifft ein tief liegendes und vorwiegend d\u00fcnn besiedeltes landwirtschaftliches Gebiet, das von Fl\u00fcssen und Kan\u00e4len umschlossen ist.<\/p>\n<h2>Unser K\u00e4se aus der Alblasserwaard<\/h2>\n<div class=\"woocommerce columns-3 \"><ul class=\"products columns-3\">\n<li class=\"product type-product post-1316 status-publish first instock product_cat-geitenkaas has-post-thumbnail taxable shipping-taxable purchasable product-type-variable has-default-attributes\">\n\t<a href=\"https:\/\/kaashandelvoorhuysbrielle.nl\/?product=geitenstee-fenegriek\" class=\"woocommerce-LoopProduct-link woocommerce-loop-product__link\"><img decoding=\"async\" width=\"324\" height=\"300\" src=\"https:\/\/kaashandelvoorhuysbrielle.nl\/wp-content\/uploads\/2017\/11\/KAASHANDEL-T-VOORHUYS-BRIELLE-GEITENSTEE-FENEGRIEK-324x300.png\" class=\"attachment-woocommerce_thumbnail size-woocommerce_thumbnail\" alt=\"Geitenstee Fenegriek\" \/><h2 class=\"woocommerce-loop-product__title\">Geitenstee Fenegriek<\/h2>\n\t<span class=\"price\"><span class=\"woocommerce-Price-amount amount\" aria-hidden=\"true\"><bdi><span class=\"woocommerce-Price-currencySymbol\">&euro;<\/span>16,75<\/bdi><\/span> <span aria-hidden=\"true\">-<\/span> <span class=\"woocommerce-Price-amount amount\" aria-hidden=\"true\"><bdi><span class=\"woocommerce-Price-currencySymbol\">&euro;<\/span>32,50<\/bdi><\/span><span class=\"screen-reader-text\">Prijsklasse: &euro;16,75 tot &euro;32,50<\/span><\/span>\n<\/a><a href=\"https:\/\/kaashandelvoorhuysbrielle.nl\/?product=geitenstee-fenegriek\" aria-describedby=\"woocommerce_loop_add_to_cart_link_describedby_1316\" data-quantity=\"1\" class=\"button product_type_variable add_to_cart_button\" data-product_id=\"1316\" data-product_sku=\"\" aria-label=\"Selecteer opties voor &ldquo;Geitenstee Fenegriek&rdquo;\" rel=\"nofollow\">Opties selecteren<\/a>\t<span id=\"woocommerce_loop_add_to_cart_link_describedby_1316\" class=\"screen-reader-text\">\n\t\tDit product heeft meerdere variaties. Deze optie kan gekozen worden op de productpagina\t<\/span>\n<\/li>\n<\/ul>\n<\/div>\n<p>&nbsp;<\/p>\n","protected":false},"excerpt":{"rendered":"<p>Die Alblasserwaard Die Alblasserwaard ist eine niederl\u00e4ndische Region im S\u00fcdosten der Provinz S\u00fcdholland, im S\u00fcdosten der Stadt Rotterdam und im Nordosten der Stadt Dordrecht. Es bildet den s\u00fcdlichen Teil des Gr\u00fcnen Herzens und betrifft ein tief liegendes und vorwiegend d\u00fcnn besiedeltes landwirtschaftliches Gebiet, das von Fl\u00fcssen und Kan\u00e4len umschlossen ist. Unser K\u00e4se aus der Alblasserwaard [&hellip;]<\/p>\n","protected":false},"author":1,"featured_media":2012,"parent":0,"menu_order":0,"comment_status":"closed","ping_status":"closed","template":"","meta":{"footnotes":""},"class_list":["post-2443","page","type-page","status-publish","has-post-thumbnail","hentry"],"_links":{"self":[{"href":"https:\/\/kaashandelvoorhuysbrielle.nl\/index.php?rest_route=\/wp\/v2\/pages\/2443","targetHints":{"allow":["GET"]}}],"collection":[{"href":"https:\/\/kaashandelvoorhuysbrielle.nl\/index.php?rest_route=\/wp\/v2\/pages"}],"about":[{"href":"https:\/\/kaashandelvoorhuysbrielle.nl\/index.php?rest_route=\/wp\/v2\/types\/page"}],"author":[{"embeddable":true,"href":"https:\/\/kaashandelvoorhuysbrielle.nl\/index.php?rest_route=\/wp\/v2\/users\/1"}],"replies":[{"embeddable":true,"href":"https:\/\/kaashandelvoorhuysbrielle.nl\/index.php?rest_route=%2Fwp%2Fv2%2Fcomments&post=2443"}],"version-history":[{"count":3,"href":"https:\/\/kaashandelvoorhuysbrielle.nl\/index.php?rest_route=\/wp\/v2\/pages\/2443\/revisions"}],"predecessor-version":[{"id":2447,"href":"https:\/\/kaashandelvoorhuysbrielle.nl\/index.php?rest_route=\/wp\/v2\/pages\/2443\/revisions\/2447"}],"wp:featuredmedia":[{"embeddable":true,"href":"https:\/\/kaashandelvoorhuysbrielle.nl\/index.php?rest_route=\/wp\/v2\/media\/2012"}],"wp:attachment":[{"href":"https:\/\/kaashandelvoorhuysbrielle.nl\/index.php?rest_route=%2Fwp%2Fv2%2Fmedia&parent=2443"}],"curies":[{"name":"wp","href":"https:\/\/api.w.org\/{rel}","templated":true}]}}